{"id":11140,"date":"2020-11-15T15:53:47","date_gmt":"2020-11-15T14:53:47","guid":{"rendered":"https:\/\/hebinet.de\/act\/?page_id=11140"},"modified":"2020-12-27T10:43:46","modified_gmt":"2020-12-27T09:43:46","slug":"alle-reiseberichte","status":"publish","type":"page","link":"https:\/\/hebinet.de\/act\/alle-reiseberichte\/","title":{"rendered":"alle Reiseberichte"},"content":{"rendered":"<section class=\"l-section wpb_row height_auto\"><div class=\"l-section-h i-cf\"><div class=\"g-cols vc_row via_flex valign_top type_default stacking_default\"><div class=\"vc_col-sm-12 wpb_column vc_column_container\"><div class=\"vc_column-inner\"><div class=\"wpb_wrapper\"><section class=\"l-section wpb_row height_auto\"><div class=\"l-section-h i-cf\"><div class=\"g-cols vc_row via_flex valign_top type_default stacking_default\"><div class=\"vc_col-sm-12 wpb_column vc_column_container\"><div class=\"vc_column-inner\"><div class=\"wpb_wrapper\"><h5 class=\"w-text us_custom_f1bdabef icon_atleft\"><span class=\"w-text-h\"><i class=\"far fa-plane\"><\/i><span class=\"w-text-value\">Alle Reiseberichte<\/span><\/span><\/h5><div class=\"w-grid us_grid type_grid layout_509 cols_3 pagination_infinite overflow_hidden preload_style_spinner\" id=\"us_grid_1\" style=\"--columns:3;--gap:1.5rem;\" data-filterable=\"true\"><style>@media (max-width:1024px){#us_grid_1{--columns:2!important}}@media (max-width:600px){#us_grid_1{--columns:1!important}}.layout_509 .w-grid-item-h{}.layout_509 .usg_post_image_1{transition-duration:0.3s;transform-origin:50% 50%;transform:scale(1) translate(0%,0%)}.layout_509 .w-grid-item-h:focus-within .usg_post_image_1,.layout_509 .w-grid-item-h:hover .usg_post_image_1{transform:scale(1.02) translate(0%,0%);opacity:1}.layout_509 .usg_post_image_1{text-align:center!important;width:180px!important;height:180px!important;max-width:180px!important;max-height:180px!important;min-width:180px!important;min-height:180px!important;margin-bottom:0.5rem!important}.layout_509 .usg_post_title_1{font-size:1.3rem!important;letter-spacing:0.03rem!important;margin-bottom:0.2rem!important;position:static!important}.layout_509 .usg_hwrapper_1{color:var(--color-content-faded)!important;font-size:0.75rem!important;line-height:0.8rem!important}.layout_509 .usg_post_content_1{font-size:0.9rem!important;line-height:1.2!important;margin-top:0.5rem!important;margin-bottom:0.5rem!important}.layout_509 .usg_post_date_2{color:var(--color-content-faded)!important;font-size:0.75rem!important;line-height:0.8rem!important}<\/style><div class=\"w-grid-list\">\t<article class=\"w-grid-item size_1x1 post-14138 reisebericht type-reisebericht status-publish format-standard has-post-thumbnail hentry category-radtour-2025 tag-radfahren tag-reisen\" data-id=\"14138\">\r\n\t\t<div class=\"w-grid-item-h\">\r\n\t\t\t\t\t\t<div class=\"w-post-elm post_image usg_post_image_1 has_width has_height has_ratio\"><a href=\"https:\/\/hebinet.de\/act\/reisebericht\/radtour-2025\/\" aria-label=\"Radtour Lausitzer Nei\u00dfe 2025\"><img loading=\"lazy\" decoding=\"async\" width=\"1253\" height=\"940\" src=\"https:\/\/hebinet.de\/act\/wp-content\/uploads\/2025\/08\/20250822_145043.jpg\" class=\"attachment-full size-full wp-post-image\" alt=\"\" \/><\/a><div style=\"padding-bottom:100%\"><\/div><\/div><h6 class=\"w-post-elm post_title usg_post_title_1 entry-title\"><a href=\"https:\/\/hebinet.de\/act\/reisebericht\/radtour-2025\/\">Radtour Lausitzer Nei\u00dfe 2025<\/a><\/h6><div class=\"w-hwrapper usg_hwrapper_1 has_text_color align_left valign_top wrap\"><time class=\"w-post-elm post_date usg_post_date_1 entry-date published\" datetime=\"2025-08-11T09:00:18+02:00\"><i class=\"far fa-calendar-alt\"><\/i>2025-08-11<\/time><div class=\"w-post-elm post_author usg_post_author_1 vcard author color_link_inherit\"><i class=\"far fa-user\"><\/i><div class=\"post-author-meta\"><a href=\"https:\/\/hebinet.de\/act\/author\/marta\/\" class=\"post-author-name fn\">Marta<\/a><\/div><\/div><div class=\"w-post-elm post_taxonomy usg_post_taxonomy_1 style_simple color_link_inherit\"><i class=\"far fa-folder-open\"><\/i><a class=\"term-154 term-radtour-2025\" href=\"https:\/\/hebinet.de\/act\/cat\/reisen\/radtour-2025\/\"><span class=\"w-btn-label\">Radtour (2025)<\/span><\/a><\/div><\/div><div class=\"w-post-elm post_content usg_post_content_1\"><p>13 Tage &#8211;  470 km Radfahren in 5&nbsp;Etappen auf dem Oder-Nei\u00dfe-Radweg<\/p>\n<\/div><div class=\"w-hwrapper usg_hwrapper_2 ForLoggedInUsersOnly align_left valign_top\"><time class=\"w-post-elm post_date usg_post_date_2 has_text_color entry-date updated\" datetime=\"2025-08-27T20:48:47+02:00\"><i class=\"fas fa-edit\"><\/i>2025-08-27 20:48<\/time><\/div>\t\t<\/div>\r\n\t\t\t<\/article>\r\n\t<article class=\"w-grid-item size_1x1 post-13812 reisebericht type-reisebericht status-publish format-standard has-post-thumbnail hentry category-kopf-frei-wanderung tag-alpen tag-wandern\" data-id=\"13812\">\r\n\t\t<div class=\"w-grid-item-h\">\r\n\t\t\t\t\t\t<div class=\"w-post-elm post_image usg_post_image_1 has_width has_height has_ratio\"><a href=\"https:\/\/hebinet.de\/act\/reisebericht\/kopffrei\/\" aria-label=\"Kopf frei &#8211; H\u00fcttenwanderungen durch die Alpen\"><img loading=\"lazy\" decoding=\"async\" width=\"1182\" height=\"1182\" src=\"https:\/\/hebinet.de\/act\/wp-content\/uploads\/2025\/08\/kopffrei.jpg\" class=\"attachment-full size-full wp-post-image\" alt=\"\" \/><\/a><div style=\"padding-bottom:100%\"><\/div><\/div><h6 class=\"w-post-elm post_title usg_post_title_1 entry-title\"><a href=\"https:\/\/hebinet.de\/act\/reisebericht\/kopffrei\/\">Kopf frei &#8211; H\u00fcttenwanderungen durch die Alpen<\/a><\/h6><div class=\"w-hwrapper usg_hwrapper_1 has_text_color align_left valign_top wrap\"><time class=\"w-post-elm post_date usg_post_date_1 entry-date published\" datetime=\"2025-08-06T09:59:58+02:00\"><i class=\"far fa-calendar-alt\"><\/i>2025-08-06<\/time><div class=\"w-post-elm post_author usg_post_author_1 vcard author color_link_inherit\"><i class=\"far fa-user\"><\/i><div class=\"post-author-meta\"><a href=\"https:\/\/hebinet.de\/act\/author\/marta\/\" class=\"post-author-name fn\">Marta<\/a><\/div><\/div><div class=\"w-post-elm post_taxonomy usg_post_taxonomy_1 style_simple color_link_inherit\"><i class=\"far fa-folder-open\"><\/i><a class=\"term-153 term-kopf-frei-wanderung\" href=\"https:\/\/hebinet.de\/act\/cat\/kopf-frei-wanderung\/\"><span class=\"w-btn-label\">Kopf-Frei-Wanderung<\/span><\/a><\/div><\/div><div class=\"w-post-elm post_content usg_post_content_1\"><p>H\u00fcttenwanderungen durch die Alpen<\/p>\n<\/div><div class=\"w-hwrapper usg_hwrapper_2 ForLoggedInUsersOnly align_left valign_top\"><time class=\"w-post-elm post_date usg_post_date_2 has_text_color entry-date updated\" datetime=\"2025-08-08T13:13:48+02:00\"><i class=\"fas fa-edit\"><\/i>2025-08-08 13:13<\/time><\/div>\t\t<\/div>\r\n\t\t\t<\/article>\r\n\t<article class=\"w-grid-item size_1x1 post-13488 reisebericht type-reisebericht status-publish format-standard has-post-thumbnail hentry category-finnland-2024 tag-finnland tag-reisen tag-skandinavien tag-touristik\" data-id=\"13488\">\r\n\t\t<div class=\"w-grid-item-h\">\r\n\t\t\t\t\t\t<div class=\"w-post-elm post_image usg_post_image_1 has_width has_height has_ratio\"><a href=\"https:\/\/hebinet.de\/act\/reisebericht\/finnland-2024\/\" aria-label=\"Finnland 2024\"><img loading=\"lazy\" decoding=\"async\" width=\"1283\" height=\"900\" src=\"https:\/\/hebinet.de\/act\/wp-content\/uploads\/2024\/04\/20240204_000102.png\" class=\"attachment-full size-full wp-post-image\" alt=\"\" \/><\/a><div style=\"padding-bottom:100%\"><\/div><\/div><h6 class=\"w-post-elm post_title usg_post_title_1 entry-title\"><a href=\"https:\/\/hebinet.de\/act\/reisebericht\/finnland-2024\/\">Finnland 2024<\/a><\/h6><div class=\"w-hwrapper usg_hwrapper_1 has_text_color align_left valign_top wrap\"><time class=\"w-post-elm post_date usg_post_date_1 entry-date published\" datetime=\"2024-02-05T18:00:30+01:00\"><i class=\"far fa-calendar-alt\"><\/i>2024-02-05<\/time><div class=\"w-post-elm post_author usg_post_author_1 vcard author color_link_inherit\"><i class=\"far fa-user\"><\/i><div class=\"post-author-meta\"><a href=\"https:\/\/hebinet.de\/act\/author\/marta\/\" class=\"post-author-name fn\">Marta<\/a><\/div><\/div><div class=\"w-post-elm post_taxonomy usg_post_taxonomy_1 style_simple color_link_inherit\"><i class=\"far fa-folder-open\"><\/i><a class=\"term-144 term-finnland-2024\" href=\"https:\/\/hebinet.de\/act\/cat\/reisen\/finnland-2024\/\"><span class=\"w-btn-label\">Finnland (2024)<\/span><\/a><\/div><\/div><div class=\"w-post-elm post_content usg_post_content_1\"><p>eine Woche AKtivurlaub in Finnland und Nordlichter schauen<\/p>\n<\/div><div class=\"w-hwrapper usg_hwrapper_2 ForLoggedInUsersOnly align_left valign_top\"><time class=\"w-post-elm post_date usg_post_date_2 has_text_color entry-date updated\" datetime=\"2024-04-16T08:22:49+02:00\"><i class=\"fas fa-edit\"><\/i>2024-04-16 08:22<\/time><\/div>\t\t<\/div>\r\n\t\t\t<\/article>\r\n\t<article class=\"w-grid-item size_1x1 post-13341 reisebericht type-reisebericht status-publish format-standard has-post-thumbnail hentry category-radtour-2023 tag-ostsee tag-radfahren tag-reisen tag-ruegen\" data-id=\"13341\">\r\n\t\t<div class=\"w-grid-item-h\">\r\n\t\t\t\t\t\t<div class=\"w-post-elm post_image usg_post_image_1 has_width has_height has_ratio\"><a href=\"https:\/\/hebinet.de\/act\/reisebericht\/radtour-nach-ruegen-2023\/\" aria-label=\"Radtour nach R\u00fcgen 2023\"><img loading=\"lazy\" decoding=\"async\" width=\"1440\" height=\"900\" src=\"https:\/\/hebinet.de\/act\/wp-content\/uploads\/2023\/09\/20230731_124720.jpg\" class=\"attachment-full size-full wp-post-image\" alt=\"am Oderdeich\" \/><\/a><div style=\"padding-bottom:100%\"><\/div><\/div><h6 class=\"w-post-elm post_title usg_post_title_1 entry-title\"><a href=\"https:\/\/hebinet.de\/act\/reisebericht\/radtour-nach-ruegen-2023\/\">Radtour nach R\u00fcgen 2023<\/a><\/h6><div class=\"w-hwrapper usg_hwrapper_1 has_text_color align_left valign_top wrap\"><time class=\"w-post-elm post_date usg_post_date_1 entry-date published\" datetime=\"2023-07-30T08:00:00+02:00\"><i class=\"far fa-calendar-alt\"><\/i>2023-07-30<\/time><div class=\"w-post-elm post_author usg_post_author_1 vcard author color_link_inherit\"><i class=\"far fa-user\"><\/i><div class=\"post-author-meta\"><a href=\"https:\/\/hebinet.de\/act\/author\/marta\/\" class=\"post-author-name fn\">Marta<\/a><\/div><\/div><div class=\"w-post-elm post_taxonomy usg_post_taxonomy_1 style_simple color_link_inherit\"><i class=\"far fa-folder-open\"><\/i><a class=\"term-139 term-radtour-2023\" href=\"https:\/\/hebinet.de\/act\/cat\/reisen\/radtour-2023\/\"><span class=\"w-btn-label\">Radtour (2023)<\/span><\/a><\/div><\/div><div class=\"w-post-elm post_content usg_post_content_1\"><p>22 Tage &#8211;  840 km Radfahren in 11&nbsp;Etappen auf dem Oder-Nei\u00dfe-Radweg und dem Ostseek\u00fcstenradweg<\/p>\n<\/div><div class=\"w-hwrapper usg_hwrapper_2 ForLoggedInUsersOnly align_left valign_top\"><time class=\"w-post-elm post_date usg_post_date_2 has_text_color entry-date updated\" datetime=\"2025-08-28T09:25:32+02:00\"><i class=\"fas fa-edit\"><\/i>2025-08-28 09:25<\/time><\/div>\t\t<\/div>\r\n\t\t\t<\/article>\r\n\t<article class=\"w-grid-item size_1x1 post-12765 reisebericht type-reisebericht status-publish format-standard has-post-thumbnail hentry category-italien-2021 tag-italien tag-reisen tag-stadtbummel tag-touristik\" data-id=\"12765\">\r\n\t\t<div class=\"w-grid-item-h\">\r\n\t\t\t\t\t\t<div class=\"w-post-elm post_image usg_post_image_1 has_width has_height has_ratio\"><a href=\"https:\/\/hebinet.de\/act\/reisebericht\/italien-2021\/\" aria-label=\"Italien 2021\"><img loading=\"lazy\" decoding=\"async\" width=\"2560\" height=\"1440\" src=\"https:\/\/hebinet.de\/act\/wp-content\/uploads\/2022\/02\/italien-2021-teaser-scaled.jpg\" class=\"attachment-full size-full wp-post-image\" alt=\"\" \/><\/a><div style=\"padding-bottom:100%\"><\/div><\/div><h6 class=\"w-post-elm post_title usg_post_title_1 entry-title\"><a href=\"https:\/\/hebinet.de\/act\/reisebericht\/italien-2021\/\">Italien 2021<\/a><\/h6><div class=\"w-hwrapper usg_hwrapper_1 has_text_color align_left valign_top wrap\"><time class=\"w-post-elm post_date usg_post_date_1 entry-date published\" datetime=\"2021-07-06T08:00:11+02:00\"><i class=\"far fa-calendar-alt\"><\/i>2021-07-06<\/time><div class=\"w-post-elm post_author usg_post_author_1 vcard author color_link_inherit\"><i class=\"far fa-user\"><\/i><div class=\"post-author-meta\"><a href=\"https:\/\/hebinet.de\/act\/author\/hebi\/\" class=\"post-author-name fn\">Hebi<\/a><\/div><\/div><div class=\"w-post-elm post_taxonomy usg_post_taxonomy_1 style_simple color_link_inherit\"><i class=\"far fa-folder-open\"><\/i><a class=\"term-129 term-italien-2021\" href=\"https:\/\/hebinet.de\/act\/cat\/reisen\/italien-2021\/\"><span class=\"w-btn-label\">Italien (2021)<\/span><\/a><\/div><\/div><div class=\"w-post-elm post_content usg_post_content_1\"><p>Mit dem Wohnanh\u00e4nger durch das n\u00f6rdliche Italien: Verona, Florenz, Lucca, Pisa und Cinque Terre.<\/p>\n<\/div><div class=\"w-hwrapper usg_hwrapper_2 ForLoggedInUsersOnly align_left valign_top\"><time class=\"w-post-elm post_date usg_post_date_2 has_text_color entry-date updated\" datetime=\"2025-08-28T09:41:48+02:00\"><i class=\"fas fa-edit\"><\/i>2025-08-28 09:41<\/time><\/div>\t\t<\/div>\r\n\t\t\t<\/article>\r\n\t<article class=\"w-grid-item size_1x1 post-12690 reisebericht type-reisebericht status-publish format-standard has-post-thumbnail hentry category-schweiz-2016 tag-alpen tag-reisen tag-schweiz\" data-id=\"12690\">\r\n\t\t<div class=\"w-grid-item-h\">\r\n\t\t\t\t\t\t<div class=\"w-post-elm post_image usg_post_image_1 has_width has_height has_ratio\"><a href=\"https:\/\/hebinet.de\/act\/reisebericht\/schweiz-2016\/\" aria-label=\"Schweiz 2016\"><img loading=\"lazy\" decoding=\"async\" width=\"1920\" height=\"1079\" src=\"https:\/\/hebinet.de\/act\/wp-content\/uploads\/2021\/04\/20160817_120102.jpg\" class=\"attachment-full size-full wp-post-image\" alt=\"\" \/><\/a><div style=\"padding-bottom:100%\"><\/div><\/div><h6 class=\"w-post-elm post_title usg_post_title_1 entry-title\"><a href=\"https:\/\/hebinet.de\/act\/reisebericht\/schweiz-2016\/\">Schweiz 2016<\/a><\/h6><div class=\"w-hwrapper usg_hwrapper_1 has_text_color align_left valign_top wrap\"><time class=\"w-post-elm post_date usg_post_date_1 entry-date published\" datetime=\"2016-08-06T14:00:06+02:00\"><i class=\"far fa-calendar-alt\"><\/i>2016-08-06<\/time><div class=\"w-post-elm post_author usg_post_author_1 vcard author color_link_inherit\"><i class=\"far fa-user\"><\/i><div class=\"post-author-meta\"><a href=\"https:\/\/hebinet.de\/act\/author\/hebi\/\" class=\"post-author-name fn\">Hebi<\/a><\/div><\/div><div class=\"w-post-elm post_taxonomy usg_post_taxonomy_1 style_simple color_link_inherit\"><i class=\"far fa-folder-open\"><\/i><a class=\"term-79 term-schweiz-2016\" href=\"https:\/\/hebinet.de\/act\/cat\/reisen\/schweiz-2016\/\"><span class=\"w-btn-label\">Schweiz (2016)<\/span><\/a><\/div><\/div><div class=\"w-post-elm post_content usg_post_content_1\"><p>Ein Sommerurlaub, der wie ein Kuraufenthalt anmutete. Er begann mit leichten Wanderungen im Heidi-Land und f\u00fchrte uns am Ende auf unseren ersten Viertausender.<\/p>\n<\/div><div class=\"w-hwrapper usg_hwrapper_2 ForLoggedInUsersOnly align_left valign_top\"><time class=\"w-post-elm post_date usg_post_date_2 has_text_color entry-date updated\" datetime=\"2022-03-20T09:59:17+01:00\"><i class=\"fas fa-edit\"><\/i>2022-03-20 09:59<\/time><\/div>\t\t<\/div>\r\n\t\t\t<\/article>\r\n\t<article class=\"w-grid-item size_1x1 post-12233 reisebericht type-reisebericht status-publish format-standard has-post-thumbnail hentry category-japan-2015 tag-japan tag-reisen\" data-id=\"12233\">\r\n\t\t<div class=\"w-grid-item-h\">\r\n\t\t\t\t\t\t<div class=\"w-post-elm post_image usg_post_image_1 has_width has_height has_ratio\"><a href=\"https:\/\/hebinet.de\/act\/reisebericht\/japan-2015\/\" aria-label=\"Japan 2015\"><img loading=\"lazy\" decoding=\"async\" width=\"1424\" height=\"800\" src=\"https:\/\/hebinet.de\/act\/wp-content\/uploads\/2021\/01\/P1020500-e1617982302179.jpg\" class=\"attachment-full size-full wp-post-image\" alt=\"Tori in Kyoto\" \/><\/a><div style=\"padding-bottom:100%\"><\/div><\/div><h6 class=\"w-post-elm post_title usg_post_title_1 entry-title\"><a href=\"https:\/\/hebinet.de\/act\/reisebericht\/japan-2015\/\">Japan 2015<\/a><\/h6><div class=\"w-hwrapper usg_hwrapper_1 has_text_color align_left valign_top wrap\"><time class=\"w-post-elm post_date usg_post_date_1 entry-date published\" datetime=\"2015-08-09T11:00:44+02:00\"><i class=\"far fa-calendar-alt\"><\/i>2015-08-09<\/time><div class=\"w-post-elm post_author usg_post_author_1 vcard author color_link_inherit\"><i class=\"far fa-user\"><\/i><div class=\"post-author-meta\"><a href=\"https:\/\/hebinet.de\/act\/author\/marta\/\" class=\"post-author-name fn\">Marta<\/a><\/div><\/div><div class=\"w-post-elm post_taxonomy usg_post_taxonomy_1 style_simple color_link_inherit\"><i class=\"far fa-folder-open\"><\/i><a class=\"term-84 term-japan-2015\" href=\"https:\/\/hebinet.de\/act\/cat\/reisen\/japan-2015\/\"><span class=\"w-btn-label\">Japan (2015)<\/span><\/a><\/div><\/div><div class=\"w-post-elm post_content usg_post_content_1\"><p>Die Stationen unserer Rund&shy;reise durch Japan, dar&shy;ge&shy;stellt auf einer Land&shy;karte.<\/p>\n<\/div><div class=\"w-hwrapper usg_hwrapper_2 ForLoggedInUsersOnly align_left valign_top\"><time class=\"w-post-elm post_date usg_post_date_2 has_text_color entry-date updated\" datetime=\"2025-07-06T17:51:26+02:00\"><i class=\"fas fa-edit\"><\/i>2025-07-06 17:51<\/time><\/div>\t\t<\/div>\r\n\t\t\t<\/article>\r\n\t<article class=\"w-grid-item size_1x1 post-11220 reisebericht type-reisebericht status-publish format-standard has-post-thumbnail hentry category-alpen-2014 tag-alpen tag-reisen\" data-id=\"11220\">\r\n\t\t<div class=\"w-grid-item-h\">\r\n\t\t\t\t\t\t<div class=\"w-post-elm post_image usg_post_image_1 has_width has_height has_ratio\"><a href=\"https:\/\/hebinet.de\/act\/reisebericht\/bergurlaub-2014\/\" aria-label=\"Bergurlaub 2014\"><img loading=\"lazy\" decoding=\"async\" width=\"900\" height=\"600\" src=\"https:\/\/hebinet.de\/act\/wp-content\/uploads\/2020\/11\/00_Alpen2014.jpg\" class=\"attachment-full size-full wp-post-image\" alt=\"\" \/><\/a><div style=\"padding-bottom:100%\"><\/div><\/div><h6 class=\"w-post-elm post_title usg_post_title_1 entry-title\"><a href=\"https:\/\/hebinet.de\/act\/reisebericht\/bergurlaub-2014\/\">Bergurlaub 2014<\/a><\/h6><div class=\"w-hwrapper usg_hwrapper_1 has_text_color align_left valign_top wrap\"><time class=\"w-post-elm post_date usg_post_date_1 entry-date published\" datetime=\"2014-07-27T19:07:39+02:00\"><i class=\"far fa-calendar-alt\"><\/i>2014-07-27<\/time><div class=\"w-post-elm post_author usg_post_author_1 vcard author color_link_inherit\"><i class=\"far fa-user\"><\/i><div class=\"post-author-meta\"><a href=\"https:\/\/hebinet.de\/act\/author\/marta\/\" class=\"post-author-name fn\">Marta<\/a><\/div><\/div><div class=\"w-post-elm post_taxonomy usg_post_taxonomy_1 style_simple color_link_inherit\"><i class=\"far fa-folder-open\"><\/i><a class=\"term-86 term-alpen-2014\" href=\"https:\/\/hebinet.de\/act\/cat\/reisen\/alpen-2014\/\"><span class=\"w-btn-label\">Alpen (2014)<\/span><\/a><\/div><\/div><div class=\"w-post-elm post_content usg_post_content_1\"><p>Drei Wochen Wandern im Karwendel, auf dem Stubaier H\u00f6henweg und am Chiemsee<\/p>\n<\/div><div class=\"w-hwrapper usg_hwrapper_2 ForLoggedInUsersOnly align_left valign_top\"><time class=\"w-post-elm post_date usg_post_date_2 has_text_color entry-date updated\" datetime=\"2021-03-13T00:23:05+01:00\"><i class=\"fas fa-edit\"><\/i>2021-03-13 00:23<\/time><\/div>\t\t<\/div>\r\n\t\t\t<\/article>\r\n\t<article class=\"w-grid-item size_1x1 post-11020 reisebericht type-reisebericht status-publish format-standard has-post-thumbnail hentry category-island-2013 tag-island tag-reisen\" data-id=\"11020\">\r\n\t\t<div class=\"w-grid-item-h\">\r\n\t\t\t\t\t\t<div class=\"w-post-elm post_image usg_post_image_1 has_width has_height has_ratio\"><a href=\"https:\/\/hebinet.de\/act\/reisebericht\/rundreise-durch-island-2013\/\" aria-label=\"Rundreise durch Island 2013\"><img loading=\"lazy\" decoding=\"async\" width=\"600\" height=\"600\" src=\"https:\/\/hebinet.de\/act\/wp-content\/uploads\/2020\/11\/ice_00.jpg\" class=\"attachment-full size-full wp-post-image\" alt=\"\" \/><\/a><div style=\"padding-bottom:100%\"><\/div><\/div><h6 class=\"w-post-elm post_title usg_post_title_1 entry-title\"><a href=\"https:\/\/hebinet.de\/act\/reisebericht\/rundreise-durch-island-2013\/\">Rundreise durch Island 2013<\/a><\/h6><div class=\"w-hwrapper usg_hwrapper_1 has_text_color align_left valign_top wrap\"><time class=\"w-post-elm post_date usg_post_date_1 entry-date published\" datetime=\"2013-07-07T18:15:24+02:00\"><i class=\"far fa-calendar-alt\"><\/i>2013-07-07<\/time><div class=\"w-post-elm post_author usg_post_author_1 vcard author color_link_inherit\"><i class=\"far fa-user\"><\/i><div class=\"post-author-meta\"><a href=\"https:\/\/hebinet.de\/act\/author\/marta\/\" class=\"post-author-name fn\">Marta<\/a><\/div><\/div><div class=\"w-post-elm post_taxonomy usg_post_taxonomy_1 style_simple color_link_inherit\"><i class=\"far fa-folder-open\"><\/i><a class=\"term-77 term-island-2013\" href=\"https:\/\/hebinet.de\/act\/cat\/reisen\/island-2013\/\"><span class=\"w-btn-label\">Island (2013)<\/span><\/a><\/div><\/div><div class=\"w-post-elm post_content usg_post_content_1\"><p>Zwischen hei\u00df und kalt &#8211; unterwegs im \u00e4u\u00dfersten Norwesten Europas<\/p>\n<\/div><div class=\"w-hwrapper usg_hwrapper_2 ForLoggedInUsersOnly align_left valign_top\"><time class=\"w-post-elm post_date usg_post_date_2 has_text_color entry-date updated\" datetime=\"2020-12-19T13:35:35+01:00\"><i class=\"fas fa-edit\"><\/i>2020-12-19 13:35<\/time><\/div>\t\t<\/div>\r\n\t\t\t<\/article>\r\n<\/div>\t<div class=\"w-grid-preloader\">\r\n\t\t<div class=\"g-preloader type_1\">\r\n\t\t\t<div><\/div>\r\n\t\t<\/div>\r\n\t<\/div>\r\n\t\t\t\t<div class=\"g-loadmore \">\r\n\t\t\t\t<div class=\"g-preloader type_1\">\r\n\t\t\t\t\t<div><\/div>\r\n\t\t\t\t<\/div>\r\n\t\t\t\t<button class=\"w-btn us-btn-style_1\">\r\n\t\t\t\t\t<span class=\"w-btn-label\">Mehr laden<\/span>\r\n\t\t\t\t<\/button>\r\n\t\t\t<\/div>\r\n\t\t\t\t<div class=\"w-grid-json hidden\" onclick='return {&quot;action&quot;:&quot;us_ajax_grid&quot;,&quot;infinite_scroll&quot;:true,&quot;max_num_pages&quot;:3,&quot;pagination&quot;:&quot;ajax&quot;,&quot;template_vars&quot;:{&quot;columns&quot;:&quot;3&quot;,&quot;exclude_items&quot;:&quot;prev&quot;,&quot;img_size&quot;:&quot;default&quot;,&quot;ignore_items_size&quot;:0,&quot;items_layout&quot;:&quot;509&quot;,&quot;items_offset&quot;:&quot;1&quot;,&quot;load_animation&quot;:&quot;none&quot;,&quot;overriding_link&quot;:&quot;{\\&quot;url\\&quot;:\\&quot;\\&quot;}&quot;,&quot;post_id&quot;:11138,&quot;query_args&quot;:{&quot;post_type&quot;:[&quot;reisebericht&quot;],&quot;post_status&quot;:[&quot;publish&quot;,&quot;acf-disabled&quot;],&quot;posts_per_page&quot;:&quot;9&quot;},&quot;orderby_query_args&quot;:{&quot;orderby&quot;:{&quot;date&quot;:&quot;DESC&quot;}},&quot;type&quot;:&quot;grid&quot;,&quot;us_grid_post_type&quot;:&quot;reisebericht&quot;,&quot;us_grid_ajax_index&quot;:1,&quot;us_grid_filter_query_string&quot;:null,&quot;us_grid_index&quot;:1,&quot;page_args&quot;:[]}}'><\/div>\r\n\t<\/div><div class=\"w-separator size_medium\"><\/div><\/div><\/div><\/div><\/div><\/div><\/section>\n<\/div><\/div><\/div><\/div><\/div><\/section>\n","protected":false},"excerpt":{"rendered":"<p>eine \u00dcbersicht der zusammengefassten Reiseberichte, die meist in weitere Beitr\u00e4ge untergliedert sind<\/p>\n","protected":false},"author":1,"featured_media":11884,"parent":0,"menu_order":0,"comment_status":"closed","ping_status":"closed","template":"","meta":{"_acf_changed":false,"footnotes":""},"class_list":["post-11140","page","type-page","status-publish","has-post-thumbnail","hentry"],"acf":[],"_links":{"self":[{"href":"https:\/\/hebinet.de\/act\/wp-json\/wp\/v2\/pages\/11140","targetHints":{"allow":["GET"]}}],"collection":[{"href":"https:\/\/hebinet.de\/act\/wp-json\/wp\/v2\/pages"}],"about":[{"href":"https:\/\/hebinet.de\/act\/wp-json\/wp\/v2\/types\/page"}],"author":[{"embeddable":true,"href":"https:\/\/hebinet.de\/act\/wp-json\/wp\/v2\/users\/1"}],"replies":[{"embeddable":true,"href":"https:\/\/hebinet.de\/act\/wp-json\/wp\/v2\/comments?post=11140"}],"version-history":[{"count":3,"href":"https:\/\/hebinet.de\/act\/wp-json\/wp\/v2\/pages\/11140\/revisions"}],"predecessor-version":[{"id":11908,"href":"https:\/\/hebinet.de\/act\/wp-json\/wp\/v2\/pages\/11140\/revisions\/11908"}],"wp:featuredmedia":[{"embeddable":true,"href":"https:\/\/hebinet.de\/act\/wp-json\/wp\/v2\/media\/11884"}],"wp:attachment":[{"href":"https:\/\/hebinet.de\/act\/wp-json\/wp\/v2\/media?parent=11140"}],"curies":[{"name":"wp","href":"https:\/\/api.w.org\/{rel}","templated":true}]}}