{"id":8962,"date":"2020-10-26T14:00:02","date_gmt":"2020-10-26T13:00:02","guid":{"rendered":"https:\/\/hebinet.de\/act\/?page_id=8962"},"modified":"2020-12-27T11:32:39","modified_gmt":"2020-12-27T10:32:39","slug":"start","status":"publish","type":"page","link":"https:\/\/hebinet.de\/act\/","title":{"rendered":"Startseite"},"content":{"rendered":"<section class=\"l-section wpb_row height_auto\"><div class=\"l-section-h i-cf\"><div class=\"g-cols vc_row via_flex valign_top type_default stacking_default\"><div class=\"vc_col-sm-12 wpb_column vc_column_container\"><div class=\"vc_column-inner\"><div class=\"wpb_wrapper\"><h5 class=\"w-text icon_atleft\"><span class=\"w-text-h\"><i class=\"fas fa-home\"><\/i><span class=\"w-text-value\">Willkommen auf der Homepage von Marta und Hebi!<\/span><\/span><\/h5><div class=\"wpb_text_column\"><div class=\"wpb_wrapper\"><p>Diese Seiten sind der Internet-Tummelplatz unserer Familie. Dieser Internetauftritt ist rein privater Natur und dient u.a. dazu, verschiedene Sachen auszuprobieren, um uns internetm\u00e4\u00dfig fit zu halten und auch ein wenig Spa\u00df am Basteln von Web-Seiten zu haben.<\/p>\n<p>Viel Spa\u00df beim St\u00f6bern&#8230;<\/p>\n<\/div><\/div><div class=\"w-separator size_medium\"><\/div><section class=\"l-section wpb_row height_auto width_full\"><div class=\"l-section-h i-cf\"><div class=\"g-cols vc_row via_flex valign_top type_default stacking_default\"><div class=\"vc_col-sm-12 wpb_column vc_column_container\"><div class=\"vc_column-inner\"><div class=\"wpb_wrapper\"><h5 class=\"w-text icon_atleft\"><span class=\"w-text-h\"><i class=\"far fa-star\"><\/i><span class=\"w-text-value\">empfohlene Seiten<\/span><\/span><\/h5><div class=\"w-grid us_grid type_grid layout_509 cols_3 pagination_ajax overflow_hidden preload_style_spinner\" id=\"us_grid_1\" style=\"--columns:3;--gap:1.5rem;\"><style>@media (max-width:1024px){#us_grid_1{--columns:2!important}}@media (max-width:600px){#us_grid_1{--columns:1!important}}.layout_509 .w-grid-item-h{}.layout_509 .usg_post_image_1{transition-duration:0.3s;transform-origin:50% 50%;transform:scale(1) translate(0%,0%)}.layout_509 .w-grid-item-h:focus-within .usg_post_image_1,.layout_509 .w-grid-item-h:hover .usg_post_image_1{transform:scale(1.02) translate(0%,0%);opacity:1}.layout_509 .usg_post_image_1{text-align:center!important;width:180px!important;height:180px!important;max-width:180px!important;max-height:180px!important;min-width:180px!important;min-height:180px!important;margin-bottom:0.5rem!important}.layout_509 .usg_post_title_1{font-size:1.3rem!important;letter-spacing:0.03rem!important;margin-bottom:0.2rem!important;position:static!important}.layout_509 .usg_hwrapper_1{color:var(--color-content-faded)!important;font-size:0.75rem!important;line-height:0.8rem!important}.layout_509 .usg_post_content_1{font-size:0.9rem!important;line-height:1.2!important;margin-top:0.5rem!important;margin-bottom:0.5rem!important}.layout_509 .usg_post_date_2{color:var(--color-content-faded)!important;font-size:0.75rem!important;line-height:0.8rem!important}<\/style><div class=\"w-grid-list\">\t<article class=\"w-grid-item size_1x1 post-11140 page type-page status-publish has-post-thumbnail hentry\" data-id=\"11140\">\r\n\t\t<div class=\"w-grid-item-h\">\r\n\t\t\t\t\t\t<div class=\"w-post-elm post_image usg_post_image_1 has_width has_height has_ratio\"><a href=\"https:\/\/hebinet.de\/act\/alle-reiseberichte\/\" aria-label=\"alle Reiseberichte\"><img loading=\"lazy\" decoding=\"async\" width=\"960\" height=\"720\" src=\"https:\/\/hebinet.de\/act\/wp-content\/uploads\/2020\/12\/reiseberichte.jpg\" class=\"attachment-full size-full wp-post-image\" alt=\"\" \/><\/a><div style=\"padding-bottom:100%\"><\/div><\/div><h6 class=\"w-post-elm post_title usg_post_title_1 entry-title\"><a href=\"https:\/\/hebinet.de\/act\/alle-reiseberichte\/\">alle Reiseberichte<\/a><\/h6><div class=\"w-hwrapper usg_hwrapper_1 has_text_color align_left valign_top wrap\"><time class=\"w-post-elm post_date usg_post_date_1 entry-date published\" datetime=\"2020-11-15T15:53:47+01:00\"><i class=\"far fa-calendar-alt\"><\/i>2020-11-15<\/time><div class=\"w-post-elm post_author usg_post_author_1 vcard author color_link_inherit\"><i class=\"far fa-user\"><\/i><div class=\"post-author-meta\"><a href=\"https:\/\/hebinet.de\/act\/author\/hebi\/\" class=\"post-author-name fn\">Hebi<\/a><\/div><\/div><\/div><div class=\"w-post-elm post_content usg_post_content_1\"><p>eine \u00dcbersicht der zusammengefassten Reiseberichte, die meist in weitere Beitr\u00e4ge untergliedert sind<\/p>\n<\/div><div class=\"w-hwrapper usg_hwrapper_2 ForLoggedInUsersOnly align_left valign_top\"><time class=\"w-post-elm post_date usg_post_date_2 has_text_color entry-date updated\" datetime=\"2020-12-27T10:43:46+01:00\"><i class=\"fas fa-edit\"><\/i>2020-12-27 10:43<\/time><\/div>\t\t<\/div>\r\n\t\t\t<\/article>\r\n\t<article class=\"w-grid-item size_1x1 post-10395 page type-page status-publish has-post-thumbnail hentry\" data-id=\"10395\">\r\n\t\t<div class=\"w-grid-item-h\">\r\n\t\t\t\t\t\t<div class=\"w-post-elm post_image usg_post_image_1 has_width has_height has_ratio\"><a href=\"https:\/\/hebinet.de\/act\/schlagwort-katalog\/\" aria-label=\"Schlagwort-Katalog\"><img loading=\"lazy\" decoding=\"async\" width=\"274\" height=\"274\" src=\"https:\/\/hebinet.de\/act\/wp-content\/uploads\/2020\/12\/wort-wolke-3.png\" class=\"attachment-full size-full wp-post-image\" alt=\"\" \/><\/a><div style=\"padding-bottom:100%\"><\/div><\/div><h6 class=\"w-post-elm post_title usg_post_title_1 entry-title\"><a href=\"https:\/\/hebinet.de\/act\/schlagwort-katalog\/\">Schlagwort-Katalog<\/a><\/h6><div class=\"w-hwrapper usg_hwrapper_1 has_text_color align_left valign_top wrap\"><time class=\"w-post-elm post_date usg_post_date_1 entry-date published\" datetime=\"2020-11-07T17:34:37+01:00\"><i class=\"far fa-calendar-alt\"><\/i>2020-11-07<\/time><div class=\"w-post-elm post_author usg_post_author_1 vcard author color_link_inherit\"><i class=\"far fa-user\"><\/i><div class=\"post-author-meta\"><a href=\"https:\/\/hebinet.de\/act\/author\/hebi\/\" class=\"post-author-name fn\">Hebi<\/a><\/div><\/div><\/div><div class=\"w-post-elm post_content usg_post_content_1\"><p>ein alphabetisch geordneter Katalog mit allen von uns verwendeten Schlagw\u00f6rtern<\/p>\n<\/div><div class=\"w-hwrapper usg_hwrapper_2 ForLoggedInUsersOnly align_left valign_top\"><time class=\"w-post-elm post_date usg_post_date_2 has_text_color entry-date updated\" datetime=\"2023-09-17T15:03:53+02:00\"><i class=\"fas fa-edit\"><\/i>2023-09-17 15:03<\/time><\/div>\t\t<\/div>\r\n\t\t\t<\/article>\r\n\t<article class=\"w-grid-item size_1x1 post-12411 page type-page status-publish has-post-thumbnail hentry\" data-id=\"12411\">\r\n\t\t<div class=\"w-grid-item-h\">\r\n\t\t\t\t\t\t<div class=\"w-post-elm post_image usg_post_image_1 has_width has_height has_ratio\"><a href=\"https:\/\/hebinet.de\/act\/geocaching\/\" aria-label=\"alle Geocaching-Beitr\u00e4ge\"><img loading=\"lazy\" decoding=\"async\" width=\"300\" height=\"300\" src=\"https:\/\/hebinet.de\/act\/wp-content\/uploads\/2021\/01\/sunset_compass.png\" class=\"attachment-full size-full wp-post-image\" alt=\"sunset_compass\" \/><\/a><div style=\"padding-bottom:100%\"><\/div><\/div><h6 class=\"w-post-elm post_title usg_post_title_1 entry-title\"><a href=\"https:\/\/hebinet.de\/act\/geocaching\/\">alle Geocaching-Beitr\u00e4ge<\/a><\/h6><div class=\"w-hwrapper usg_hwrapper_1 has_text_color align_left valign_top wrap\"><time class=\"w-post-elm post_date usg_post_date_1 entry-date published\" datetime=\"2021-01-24T18:19:27+01:00\"><i class=\"far fa-calendar-alt\"><\/i>2021-01-24<\/time><div class=\"w-post-elm post_author usg_post_author_1 vcard author color_link_inherit\"><i class=\"far fa-user\"><\/i><div class=\"post-author-meta\"><a href=\"https:\/\/hebinet.de\/act\/author\/hebi63\/\" class=\"post-author-name fn\">hebi63<\/a><\/div><\/div><\/div><div class=\"w-post-elm post_content usg_post_content_1\"><p>eine \u00dcbersicht der Geocaching-Beitr\u00e4ge<\/p>\n<\/div><div class=\"w-hwrapper usg_hwrapper_2 ForLoggedInUsersOnly align_left valign_top\"><time class=\"w-post-elm post_date usg_post_date_2 has_text_color entry-date updated\" datetime=\"2021-03-19T20:23:04+01:00\"><i class=\"fas fa-edit\"><\/i>2021-03-19 20:23<\/time><\/div>\t\t<\/div>\r\n\t\t\t<\/article>\r\n<\/div>\t<div class=\"w-grid-preloader\">\r\n\t\t<div class=\"g-preloader type_1\">\r\n\t\t\t<div><\/div>\r\n\t\t<\/div>\r\n\t<\/div>\r\n\t\t<div class=\"w-grid-json hidden\" onclick='return {&quot;action&quot;:&quot;us_ajax_grid&quot;,&quot;infinite_scroll&quot;:0,&quot;max_num_pages&quot;:1,&quot;pagination&quot;:&quot;ajax&quot;,&quot;template_vars&quot;:{&quot;columns&quot;:&quot;3&quot;,&quot;exclude_items&quot;:&quot;prev&quot;,&quot;img_size&quot;:&quot;default&quot;,&quot;ignore_items_size&quot;:0,&quot;items_layout&quot;:&quot;509&quot;,&quot;items_offset&quot;:&quot;1&quot;,&quot;load_animation&quot;:&quot;none&quot;,&quot;overriding_link&quot;:&quot;{\\&quot;url\\&quot;:\\&quot;\\&quot;}&quot;,&quot;post_id&quot;:11852,&quot;query_args&quot;:{&quot;ignore_sticky_posts&quot;:1,&quot;post_type&quot;:&quot;any&quot;,&quot;post__in&quot;:[&quot;11140&quot;,&quot;10395&quot;,&quot;12411&quot;],&quot;posts_per_page&quot;:&quot;6&quot;},&quot;orderby_query_args&quot;:{&quot;orderby&quot;:{&quot;menu_order&quot;:&quot;ASC&quot;},&quot;order&quot;:&quot;ASC&quot;},&quot;type&quot;:&quot;grid&quot;,&quot;us_grid_post_type&quot;:&quot;ids&quot;,&quot;us_grid_ajax_index&quot;:1,&quot;us_grid_filter_query_string&quot;:null,&quot;us_grid_index&quot;:1,&quot;page_args&quot;:[]}}'><\/div>\r\n\t<\/div><div class=\"w-separator size_medium\"><\/div><\/div><\/div><\/div><\/div><\/div><\/section>\n<\/div><\/div><\/div><\/div><\/div><\/section>\n","protected":false},"excerpt":{"rendered":"<p>Willkommen auf der Homepage von Marta und Hebi<\/p>\n","protected":false},"author":1,"featured_media":7,"parent":0,"menu_order":0,"comment_status":"closed","ping_status":"closed","template":"","meta":{"_acf_changed":false,"footnotes":""},"class_list":["post-8962","page","type-page","status-publish","has-post-thumbnail","hentry"],"acf":[],"_links":{"self":[{"href":"https:\/\/hebinet.de\/act\/wp-json\/wp\/v2\/pages\/8962","targetHints":{"allow":["GET"]}}],"collection":[{"href":"https:\/\/hebinet.de\/act\/wp-json\/wp\/v2\/pages"}],"about":[{"href":"https:\/\/hebinet.de\/act\/wp-json\/wp\/v2\/types\/page"}],"author":[{"embeddable":true,"href":"https:\/\/hebinet.de\/act\/wp-json\/wp\/v2\/users\/1"}],"replies":[{"embeddable":true,"href":"https:\/\/hebinet.de\/act\/wp-json\/wp\/v2\/comments?post=8962"}],"version-history":[{"count":25,"href":"https:\/\/hebinet.de\/act\/wp-json\/wp\/v2\/pages\/8962\/revisions"}],"predecessor-version":[{"id":12007,"href":"https:\/\/hebinet.de\/act\/wp-json\/wp\/v2\/pages\/8962\/revisions\/12007"}],"wp:featuredmedia":[{"embeddable":true,"href":"https:\/\/hebinet.de\/act\/wp-json\/wp\/v2\/media\/7"}],"wp:attachment":[{"href":"https:\/\/hebinet.de\/act\/wp-json\/wp\/v2\/media?parent=8962"}],"curies":[{"name":"wp","href":"https:\/\/api.w.org\/{rel}","templated":true}]}}